{"id":3162,"date":"2023-01-23T17:10:33","date_gmt":"2023-01-23T16:10:33","guid":{"rendered":"https:\/\/histoire.easyaccess2web.com\/johan\/walems-academy\/"},"modified":"2023-03-24T07:15:34","modified_gmt":"2023-03-24T06:15:34","slug":"walems-academy","status":"publish","type":"page","link":"https:\/\/www.walemsvalues.be\/it\/walems-academy\/","title":{"rendered":"Walem\u2019s Academy"},"content":{"rendered":"<div class=\"fusion-fullwidth fullwidth-box fusion-builder-row-1 fusion-flex-container has-pattern-background has-mask-background nonhundred-percent-fullwidth non-hundred-percent-height-scrolling\" style=\"--awb-border-radius-top-left:0px;--awb-border-radius-top-right:0px;--awb-border-radius-bottom-right:0px;--awb-border-radius-bottom-left:0px;--awb-flex-wrap:wrap;\" ><div class=\"fusion-builder-row fusion-row fusion-flex-align-items-flex-start fusion-flex-content-wrap\" style=\"max-width:1393.6px;margin-left: calc(-4% \/ 2 );margin-right: calc(-4% \/ 2 );\"><div class=\"fusion-layout-column fusion_builder_column fusion-builder-column-0 fusion_builder_column_1_1 1_1 fusion-flex-column\" style=\"--awb-bg-size:cover;--awb-width-large:100%;--awb-margin-top-large:0px;--awb-spacing-right-large:1.92%;--awb-margin-bottom-large:20px;--awb-spacing-left-large:1.92%;--awb-width-medium:100%;--awb-order-medium:0;--awb-spacing-right-medium:1.92%;--awb-spacing-left-medium:1.92%;--awb-width-small:100%;--awb-order-small:0;--awb-spacing-right-small:1.92%;--awb-spacing-left-small:1.92%;\"><div class=\"fusion-column-wrapper fusion-column-has-shadow fusion-flex-justify-content-flex-start fusion-content-layout-column\"><div class=\"fusion-text fusion-text-1\"><div>\n<h3>Che cos&#8217;\u00e8 la Walem&#8217; Academy ?<\/h3>\n<\/div>\n<p>La &#8220;Walem&#8217;s Academy&#8221; \u00e8 un progetto di coaching nel mondo del calcio.<br \/>\nQuesto coaching pu\u00f2 essere individualizzato o raggruppato (da 4 a 6 giocatori al massimo).<\/p>\n<\/div><div class=\"fusion-text fusion-text-2\"><h3 class=\"p1\"><span class=\"s1\"><b>Perch\u00e9 ho deciso di lanciarmi in questo progetto?<\/b><\/span><\/h3>\n<p>L&#8217;idea e la voglia di sviluppare questo concetto nasce logicamente seguendo il mio percorso di vita di persona che ha saputo fare della sua passione il suo lavoro.<br \/>\nI club e\/o gli allenatori delle squadre non hanno il tempo di lavorare individualmente in modo mirato.<br \/>\nLa gestione del gruppo \u00e8 diversa e meno specifica rispetto allo sviluppo individuale.<br \/>\nOgni giocatore ha le sue esigenze che non sono necessariamente quelle dei suoi colleghi.<br \/>\nDurante la mia carriera nella scuola giovanile, io stesso ho seguito sessioni individuali.<\/p>\n<p>Questi mi hanno permesso di migliorare, di diventare finalmente un giocatore professionista e realizzare la mia carriera di giocatore e allenatore.<br \/>\nOra vorrei trasmettere la mia esperienza ai futuri calciatori.<br \/>\nLa seduta individuale o collettiva (4-6 persone) permette di aumentare il livello tecnico e mentale del giocatore.<br \/>\n&#8211; \u00c8 uno sviluppo e un miglioramento pi\u00f9 precisi e completi di tutti gli aspetti tecnici di questo sport, senza dimenticare i fondamentali.<\/p>\n<p>Passando per:<br \/>\n\u2022 la tecnica di base.<br \/>\n\u2022 la coordinazione.<br \/>\n\u2022 fraseggio: corto, medio, lungo.<br \/>\n\u2022 conclusione in porta.<br \/>\n\u2022 palle inattive: calcio di punizione, calcio d&#8217;angolo, ecc.<br \/>\n\u2022 l&#8217;uso di entrambi i piedi.<br \/>\n\u2022 Il gioco aereo.<br \/>\n\u2022 tempistica.<br \/>\n\u2022 Richieste specifiche<br \/>\n\u2022 \u2026<\/p>\n<p><strong>Senza dimenticare l&#8217;aspetto umano, la relazione, l&#8217;autostima, la fiducia in se stessi&#8230;<\/strong><\/p>\n<h3>Durata della sessione: un&#8217;ora<\/h3>\n<ul>\n<li>\n<h4>introduzione 5min<\/h4>\n<\/li>\n<li>\n<h4>10 minuti di riscaldamento<\/h4>\n<\/li>\n<li>\n<h4>lavoro specifico 40 min<\/h4>\n<\/li>\n<li>\n<h4>cooling down 5 min<\/h4>\n<\/li>\n<\/ul>\n<\/div><div class=\"fusion-text fusion-text-3\"><h3 class=\"p1\"><span class=\"s1\"><b>Perch\u00e9 avrei scelto la citt\u00e0 di Braine-le- Ch\u00e2teau?<\/b><\/span><\/h3>\n<p class=\"p1\">La qualit\u00e0 delle infrastrutture e la collocazione geografica \u00e8 perfetta.<\/p>\n<\/div><div class=\"fusion-text fusion-text-4\"><h3 class=\"p1\">Al servizio anche delle societ\u00e0 professionista!!!<\/h3>\n<p class=\"p1\">Sviluppo individuale dei talenti individuati dal club e dai suoi manager:<\/p>\n<p class=\"p1\">-Direttori tecnici<\/p>\n<p class=\"p1\">-Allenatori<\/p>\n<p class=\"p1\">&#8211; Scouting<\/p>\n<p class=\"p1\">Categorie giovanili\u2026 ai professionisti<\/p>\n<p class=\"p1\">Calcio femminile e maschile<\/p>\n<p class=\"p1\">Orari da definire con le societ\u00e0.<\/p>\n<\/div><div class=\"fusion-text fusion-text-5\"><h3 class=\"p1\"><span class=\"s1\">Il mio desiderio:<\/span><\/h3>\n<p class=\"p1\"><span class=\"s1\">Voglio ora trasmettere un MASSIMO di quello che ho imparato come:<\/span><\/p>\n<ul>\n<li class=\"p1\"><span class=\"s1\">Giocatore<\/span><\/li>\n<li class=\"p1\"><span class=\"s1\">Allenatore<\/span><\/li>\n<li class=\"p1\"><span class=\"s1\">Consulente<\/span><\/li>\n<\/ul>\n<p class=\"p1\"><span class=\"s1\">E questo in modo individualizzato o in piccoli gruppi per guadagnare in Efficienza e Piacere!<\/span><\/p>\n<p class=\"p1\"><span class=\"s1\">Ad Anderlecht ho imparato&#8230;<\/span><\/p>\n<p class=\"p1\"><span class=\"s1\">In Italia ho imparato&#8230;<\/span><\/p>\n<p class=\"p1\"><span class=\"s1\">Al Devils, ho imparato&#8230;<\/span><\/p>\n<p class=\"p1\"><span class=\"s1\">Come allenatore, ho imparato&#8230;<\/span><\/p>\n<p class=\"p1\"><span class=\"s1\">Questo \u00e8 tutto quello che voglio trasmettere a tutti coloro che vogliono progredire divertendosi!<\/span><\/p>\n<\/div><\/div><\/div><\/div><\/div>\n","protected":false},"excerpt":{"rendered":"","protected":false},"author":1,"featured_media":0,"parent":0,"menu_order":0,"comment_status":"closed","ping_status":"closed","template":"","meta":{"footnotes":""},"class_list":["post-3162","page","type-page","status-publish","hentry"],"yoast_head":"<!-- This site is optimized with the Yoast SEO plugin v27.4 - https:\/\/yoast.com\/product\/yoast-seo-wordpress\/ -->\n<title>Walem\u2019s Academy - Walem&#039;s Value Academy<\/title>\n<meta name=\"description\" content=\"Walem\u2019s Academy, \u00e9cole de football avec le coach Johan Walem. Pour tous les niveaux de football d\u00e9butant au perfectionnement.\" \/>\n<meta name=\"robots\" content=\"index, follow, max-snippet:-1, max-image-preview:large, max-video-preview:-1\" \/>\n<link rel=\"canonical\" href=\"https:\/\/www.walemsvalues.be\/it\/walems-academy\/\" \/>\n<meta property=\"og:locale\" content=\"it_IT\" \/>\n<meta property=\"og:type\" content=\"article\" \/>\n<meta property=\"og:title\" content=\"Walem\u2019s Academy - Walem&#039;s Value Academy\" \/>\n<meta property=\"og:description\" content=\"Walem\u2019s Academy, \u00e9cole de football avec le coach Johan Walem. Pour tous les niveaux de football d\u00e9butant au perfectionnement.\" \/>\n<meta property=\"og:url\" content=\"https:\/\/www.walemsvalues.be\/it\/walems-academy\/\" \/>\n<meta property=\"og:site_name\" content=\"Walem&#039;s Value Academy\" \/>\n<meta property=\"article:modified_time\" content=\"2023-03-24T06:15:34+00:00\" \/>\n<meta name=\"twitter:card\" content=\"summary_large_image\" \/>\n<meta name=\"twitter:label1\" content=\"Tempo di lettura stimato\" \/>\n\t<meta name=\"twitter:data1\" content=\"5 minuti\" \/>\n<script type=\"application\/ld+json\" class=\"yoast-schema-graph\">{\"@context\":\"https:\\\/\\\/schema.org\",\"@graph\":[{\"@type\":\"WebPage\",\"@id\":\"https:\\\/\\\/www.walemsvalues.be\\\/it\\\/walems-academy\\\/\",\"url\":\"https:\\\/\\\/www.walemsvalues.be\\\/it\\\/walems-academy\\\/\",\"name\":\"Walem\u2019s Academy - Walem&#039;s Value Academy\",\"isPartOf\":{\"@id\":\"https:\\\/\\\/www.walemsvalues.be\\\/it\\\/#website\"},\"datePublished\":\"2023-01-23T16:10:33+00:00\",\"dateModified\":\"2023-03-24T06:15:34+00:00\",\"description\":\"Walem\u2019s Academy, \u00e9cole de football avec le coach Johan Walem. Pour tous les niveaux de football d\u00e9butant au perfectionnement.\",\"breadcrumb\":{\"@id\":\"https:\\\/\\\/www.walemsvalues.be\\\/it\\\/walems-academy\\\/#breadcrumb\"},\"inLanguage\":\"it-IT\",\"potentialAction\":[{\"@type\":\"ReadAction\",\"target\":[\"https:\\\/\\\/www.walemsvalues.be\\\/it\\\/walems-academy\\\/\"]}]},{\"@type\":\"BreadcrumbList\",\"@id\":\"https:\\\/\\\/www.walemsvalues.be\\\/it\\\/walems-academy\\\/#breadcrumb\",\"itemListElement\":[{\"@type\":\"ListItem\",\"position\":1,\"name\":\"Accueil\",\"item\":\"https:\\\/\\\/www.walemsvalues.be\\\/it\\\/\"},{\"@type\":\"ListItem\",\"position\":2,\"name\":\"Walem\u2019s Academy\"}]},{\"@type\":\"WebSite\",\"@id\":\"https:\\\/\\\/www.walemsvalues.be\\\/it\\\/#website\",\"url\":\"https:\\\/\\\/www.walemsvalues.be\\\/it\\\/\",\"name\":\"Walem&#039;s Value Academy\",\"description\":\"Johan Walem\",\"potentialAction\":[{\"@type\":\"SearchAction\",\"target\":{\"@type\":\"EntryPoint\",\"urlTemplate\":\"https:\\\/\\\/www.walemsvalues.be\\\/it\\\/?s={search_term_string}\"},\"query-input\":{\"@type\":\"PropertyValueSpecification\",\"valueRequired\":true,\"valueName\":\"search_term_string\"}}],\"inLanguage\":\"it-IT\"}]}<\/script>\n<!-- \/ Yoast SEO plugin. -->","yoast_head_json":{"title":"Walem\u2019s Academy - Walem&#039;s Value Academy","description":"Walem\u2019s Academy, \u00e9cole de football avec le coach Johan Walem. Pour tous les niveaux de football d\u00e9butant au perfectionnement.","robots":{"index":"index","follow":"follow","max-snippet":"max-snippet:-1","max-image-preview":"max-image-preview:large","max-video-preview":"max-video-preview:-1"},"canonical":"https:\/\/www.walemsvalues.be\/it\/walems-academy\/","og_locale":"it_IT","og_type":"article","og_title":"Walem\u2019s Academy - Walem&#039;s Value Academy","og_description":"Walem\u2019s Academy, \u00e9cole de football avec le coach Johan Walem. Pour tous les niveaux de football d\u00e9butant au perfectionnement.","og_url":"https:\/\/www.walemsvalues.be\/it\/walems-academy\/","og_site_name":"Walem&#039;s Value Academy","article_modified_time":"2023-03-24T06:15:34+00:00","twitter_card":"summary_large_image","twitter_misc":{"Tempo di lettura stimato":"5 minuti"},"schema":{"@context":"https:\/\/schema.org","@graph":[{"@type":"WebPage","@id":"https:\/\/www.walemsvalues.be\/it\/walems-academy\/","url":"https:\/\/www.walemsvalues.be\/it\/walems-academy\/","name":"Walem\u2019s Academy - Walem&#039;s Value Academy","isPartOf":{"@id":"https:\/\/www.walemsvalues.be\/it\/#website"},"datePublished":"2023-01-23T16:10:33+00:00","dateModified":"2023-03-24T06:15:34+00:00","description":"Walem\u2019s Academy, \u00e9cole de football avec le coach Johan Walem. Pour tous les niveaux de football d\u00e9butant au perfectionnement.","breadcrumb":{"@id":"https:\/\/www.walemsvalues.be\/it\/walems-academy\/#breadcrumb"},"inLanguage":"it-IT","potentialAction":[{"@type":"ReadAction","target":["https:\/\/www.walemsvalues.be\/it\/walems-academy\/"]}]},{"@type":"BreadcrumbList","@id":"https:\/\/www.walemsvalues.be\/it\/walems-academy\/#breadcrumb","itemListElement":[{"@type":"ListItem","position":1,"name":"Accueil","item":"https:\/\/www.walemsvalues.be\/it\/"},{"@type":"ListItem","position":2,"name":"Walem\u2019s Academy"}]},{"@type":"WebSite","@id":"https:\/\/www.walemsvalues.be\/it\/#website","url":"https:\/\/www.walemsvalues.be\/it\/","name":"Walem&#039;s Value Academy","description":"Johan Walem","potentialAction":[{"@type":"SearchAction","target":{"@type":"EntryPoint","urlTemplate":"https:\/\/www.walemsvalues.be\/it\/?s={search_term_string}"},"query-input":{"@type":"PropertyValueSpecification","valueRequired":true,"valueName":"search_term_string"}}],"inLanguage":"it-IT"}]}},"_links":{"self":[{"href":"https:\/\/www.walemsvalues.be\/it\/wp-json\/wp\/v2\/pages\/3162","targetHints":{"allow":["GET"]}}],"collection":[{"href":"https:\/\/www.walemsvalues.be\/it\/wp-json\/wp\/v2\/pages"}],"about":[{"href":"https:\/\/www.walemsvalues.be\/it\/wp-json\/wp\/v2\/types\/page"}],"author":[{"embeddable":true,"href":"https:\/\/www.walemsvalues.be\/it\/wp-json\/wp\/v2\/users\/1"}],"replies":[{"embeddable":true,"href":"https:\/\/www.walemsvalues.be\/it\/wp-json\/wp\/v2\/comments?post=3162"}],"version-history":[{"count":10,"href":"https:\/\/www.walemsvalues.be\/it\/wp-json\/wp\/v2\/pages\/3162\/revisions"}],"predecessor-version":[{"id":3483,"href":"https:\/\/www.walemsvalues.be\/it\/wp-json\/wp\/v2\/pages\/3162\/revisions\/3483"}],"wp:attachment":[{"href":"https:\/\/www.walemsvalues.be\/it\/wp-json\/wp\/v2\/media?parent=3162"}],"curies":[{"name":"wp","href":"https:\/\/api.w.org\/{rel}","templated":true}]}}